{"id":37,"date":"2020-11-15T16:37:25","date_gmt":"2020-11-15T16:37:25","guid":{"rendered":"http:\/\/new.soulcupcoffee.de\/?page_id=37"},"modified":"2020-11-17T15:25:00","modified_gmt":"2020-11-17T15:25:00","slug":"datenschutz","status":"publish","type":"page","link":"https:\/\/soulcupcoffee.de\/en\/datenschutz\/","title":{"rendered":"Privacy"},"content":{"rendered":"[vc_row][vc_column][vc_column_text]\r\n<p><strong><span style=\"font-size: 21px;\">Datenschutzerkl\u00e4rung f\u00fcr Besucher der Internetseite www.soulcupcoffee.de<\/span><\/strong><\/p>\r\n\r\n<p>SOUL CUP COFFEE, Lilienweg 10, 86836 Graben nimmt als Betreiber dieser Webseite den Schutz Ihrer pers\u00f6nlichen Daten ernst. Wir behandeln Ihre Daten vertraulich und entsprechend der gesetzlichen Datenschutzvorschriften sowie dieser Datenschutzerkl\u00e4rung. Die Datenschutzerkl\u00e4rung gilt f\u00fcr diese Webseite und richtet sich an unsere Besucher.<\/p>\r\n\r\n\r\n\r\n<h2>1. Verantwortliche<\/h2>\r\n\r\n<p>Verantwortlich f\u00fcr die Datenverarbeitung ist Sebastian H\u00f6hne.<\/p>\r\n\r\n\r\n\r\n<h2>2. Personenbezogene Daten<\/h2>\r\n\r\n<p>Personenbezogene Daten sind gem\u00e4\u00df Art.\u00a04 Nr.\u00a01 Datenschutz-Grundverordnung (DS-GVO) alle Informationen, die sich auf eine identifizierte oder identifizierbare nat\u00fcrliche Person beziehen. Als identifizierbar wird eine nat\u00fcrliche Person angesehen, die direkt oder indirekt, insbesondere mittels Zuordnung zu einer Kennung wie einem Namen, zu einer Kennnummer, zu Standortdaten, zu einer Online-Kennung oder zu einem oder mehreren besonderen Merkmalen identifiziert werden kann, die Ausdruck der physischen, physiologischen, genetischen, psychischen, wirtschaftlichen, kulturellen oder sozialen Identit\u00e4t dieser nat\u00fcrlichen Person sind.<\/p>\r\n\r\n<p>F\u00fcr den Besuch unserer Webseite ist keine Registrierung erforderlich. Sie k\u00f6nnen die Webseite daher besuchen, ohne uns mitzuteilen, wer Sie sind.<\/p>\r\n\r\n\r\n\r\n<h2>3. Zwecke und Rechtsgrundlagen der Verarbeitung<\/h2>\r\n\r\n<p><strong>Bereitstellung der Website<\/strong><\/p>\r\n\r\n<p>Im Rahmen Ihres Besuchs verarbeiten wir Ihre Zugriffsdaten, die uns Ihr Internetbrowser aus technischen Gr\u00fcnden zur Bereitstellung der Website automatisch \u00fcbermittelt. Je nach verwendetem Zugriffsprotokoll beinhaltet der Protokolldatensatz allgemeine Angaben wie Sitzungsdaten, gek\u00fcrzte bzw. ungek\u00fcrzte IP-Adresse, Browser-Version, Betriebssystem, webseitenspezifischen Einstellungen, Cookie-IDs und Pixel-IDs. Diese Daten erlauben keinen unmittelbaren R\u00fcckschluss auf Ihre Person und werden zur Bereitstellung der Webseite und Erhaltung der Kompatibilit\u00e4t unserer Internetseite f\u00fcr m\u00f6glichst alle Besucher sowie der Missbrauchsbek\u00e4mpfung und Abwehr von Angriffsversuchen auf unseren Webserver verarbeitet.<\/p>\r\n\r\n<p>Rechtsgrundlage f\u00fcr die Verarbeitung ist die Wahrung unserer berechtigten Interessen, die insbesondere darin bestehen, Ihnen eine f\u00fcr Ihren Browser optimierte Website zu pr\u00e4sentieren und Ihnen eine Kommunikation zwischen unserem Server und Ihrem Endger\u00e4t zu erm\u00f6glichen (Art. 6 Abs. 1 lit. f Datenschutz-Grundverordnung (\u201eDS-GVO\u201c)).<\/p>\r\n\r\n<p><strong>Kontaktanfrage<\/strong><\/p>\r\n\r\n<p>Ihre personenbezogenen Daten, die Sie uns im Rahmen einer Kontaktanfrage zur Verf\u00fcgung stellen (z.B. per E\u2011Mail oder Telefon), verarbeiten wir zum Zwecke der Bearbeitung Ihrer Anfrage, insbesondere um uns mit Ihnen in Verbindung zu setzen.<\/p>\r\n\r\n<p>Rechtsgrundlage hierf\u00fcr ist die Erf\u00fcllung unserer (vor-)vertraglichen Pflichten (Art. 6 Abs. 1 lit. b DS-GVO) bzw. die Wahrung unserer berechtigten Interessen, die insbesondere darin bestehen, mit Ihnen in Kontakt zu treten und zu den jeweils betreffenden Anliegen, zu denen Sie uns kontaktiert haben, zu kommunizieren (Art. 6 Abs. 1 lit. f DS-GVO).<\/p>\r\n\r\n<p><strong>Server-Log-Dateien<\/strong><\/p>\r\n\r\n<p>Der Provider der Seiten erhebt und speichert automatisch Informationen in so genannten Server-Log-Dateien, die Ihr Browser automatisch an uns \u00fcbermittelt. Dies sind:<\/p>\r\n\r\n\r\n\r\n<ul>\r\n<li>Browsertyp und Browserversion<\/li>\r\n<li>verwendetes Betriebssystem<\/li>\r\n<li>Referrer URL<\/li>\r\n<li>Hostname des zugreifenden Rechners<\/li>\r\n<li>Uhrzeit der Serveranfrage<\/li>\r\n<li>IP-Adresse<\/li>\r\n<\/ul>\r\n\r\n<p>Eine Zusammenf\u00fchrung dieser Daten mit anderen Datenquellen wird nicht vorgenommen.<\/p>\r\n\r\n<p>Grundlage f\u00fcr die Datenverarbeitung ist Art. 6 Abs. 1 lit. f DSGVO, der die Verarbeitung von Daten zur Erf\u00fcllung eines Vertrags oder vorvertraglicher Ma\u00dfnahmen gestattet.<\/p>\r\n\r\n\r\n\r\n<h2>4. Cookies<\/h2>\r\n\r\n<p>Wenn Sie unsere Website das erste Mal besuchst, zeigen wir Ihnen ein Pop-Up mit einer Erkl\u00e4rung \u00fcber Cookies. Sobald Sie auf &#8222;Einstellungen speichern&#8220; klicken, geben Sie uns Ihr Einverst\u00e4ndnis alle von Ihnen gew\u00e4hlten Kategorien von Cookies und Plugins wie in dieser Cookie-Richtlinie beschrieben zu verwenden. Sie k\u00f6nnen die Verwendung von Cookies \u00fcber Ihren Browser deaktivieren, aber bitte beachten Sie, dass unsere Website dann unter Umst\u00e4nden nicht richtig funktioniert.<\/p>\r\n\r\n\r\n\r\n<h2>5. Empf\u00e4nger<\/h2>\r\n\r\n<p>Im Rahmen der Erf\u00fcllung der vorgenannten Zwecke k\u00f6nnen Ihre personenbezogenen Daten von den folgenden Empf\u00e4ngerkategorien abgerufen oder an diese weitergegeben werden:<\/p>\r\n\r\n<p>1. unsere Mitarbeiterinnen und Mitarbeiter.<\/p>\r\n\r\n<p>2. IT-Dienstleister einschlie\u00dflich IT-Service- und Cloud-Provider.<\/p>\r\n\r\n<p>3. Steuerberater, Rechtsanw\u00e4lte und Wirtschaftspr\u00fcfer sowie<\/p>\r\n\r\n<p>4. Gerichte, Beh\u00f6rden und andere \u00f6ffentliche Stellen, soweit wir zur Weitergabe verpflichtet sind oder diese angeordnet wird.<\/p>\r\n\r\n<p>Wir verarbeiten Ihre personenbezogenen Daten an unserem Gesch\u00e4ftssitz in Deutschland. Eine Verarbeitung au\u00dferhalb Deutschlands und ggf. auch au\u00dferhalb der EU kann jedoch im Rahmen der Inanspruchnahme von IT-Dienstleistungen (z.B. Cloud-Dienstleistungen, Software as a Service) erfolgen. Hierbei achten wir darauf, dass die Verarbeitung (insbesondere Speicherung) stets unter Wahrung der Datenschutz-Grundverordnung erfolgt und der Dienstleister diese ausdr\u00fccklich anerkennt. Ferner schlie\u00dfen wir die nach der DS-GVO notwendigen Vertr\u00e4ge zum Schutz personenbezogener Daten.<\/p>\r\n\r\n\r\n\r\n<h2>6. Speicherdauer<\/h2>\r\n\r\n<p>Wir speichern Ihre personenbezogenen Daten nur so lange, wie dies zur Erf\u00fcllung des Zwecks, f\u00fcr den sie erhoben wurden, oder zur Erf\u00fcllung gesetzlicher und beh\u00f6rdlicher Vorschriften oder Aufbewahrungsfristen erforderlich ist. Im Anschluss werden Ihre personenbezogenen Daten von uns gel\u00f6scht.<\/p>\r\n\r\n\r\n\r\n<h2>7. Sicherheit<\/h2>\r\n\r\n<p>Um die Sicherheit und Vertraulichkeit gespeicherter personenbezogenen Daten zu gew\u00e4hrleisten, nutzen wir IT-Systeme mit branchen\u00fcblichen Schutzeinrichtungen wie Passwortschutz, Virenscanner und Firewall. Ferner ergreifen wir beim Umgang mit Ihren personenbezogenen Daten angemessene technische und organisatorische Ma\u00dfnahmen, um Ihre Daten insbesondere vor Verlust, Missbrauch und unbefugtem Zugriff zu sch\u00fctzen.<\/p>\r\n\r\n\r\n\r\n<h2>8. Links zu anderen Webseiten<\/h2>\r\n\r\n<p>Unsere Webseite enth\u00e4lt ggf. Links zu anderen Webseiten, die nicht von uns betrieben werden. Wir haben keine Kontrolle \u00fcber die Datenschutzpraktiken oder den Inhalt solcher Webseiten. Sollten Sie diese Webseiten besuchen, empfehlen wir Ihnen, die jeweiligen Datenschutzbestimmungen aufmerksam zu lesen.<\/p>\r\n\r\n\r\n\r\n<h2>9. Ihre Rechte<\/h2>\r\n\r\n<p>Nach Ma\u00dfgabe des geltenden Datenschutzrechts und bei Vorliegen der gesetzlichen Voraussetzungen stehen Ihnen folgende Rechte zu:<\/p>\r\n\r\n<p><strong>Recht auf Auskunft<\/strong> \u00fcber Ihre bei uns gespeicherten personenbezogenen Daten (Art\u00a015 DS-GVO);<\/p>\r\n\r\n<p><strong>Recht auf Berichtigung<\/strong> unrichtiger oder Vervollst\u00e4ndigung Ihrer gespeicherten personenbezogenen Daten (Art.\u00a016 DS-GVO);<\/p>\r\n\r\n<p><strong>Recht auf L\u00f6schung<\/strong> Ihrer bei uns gespeicherten personenbezogenen Daten, wenn z.B. f\u00fcr die Verarbeitung gem\u00e4\u00df geltendem Recht kein legitimer Gesch\u00e4ftszweck mehr besteht und gesetzliche Aufbewahrungspflichten die weitere Speicherung nicht erfordern (Art.\u00a017 DS-GVO);<\/p>\r\n\r\n<p><strong>Recht auf Einschr\u00e4nkung der Verarbeitung<\/strong>, soweit die Richtigkeit der personenbezogenen Daten von Ihnen bestritten wird oder die Verarbeitung unrechtm\u00e4\u00dfig ist (Art.\u00a018 DS-GVO);<\/p>\r\n\r\n<p><strong>Recht auf Daten\u00fcbertragbarkeit<\/strong>, d.h. das Recht, die Sie betreffenden personenbezogenen Daten, die Sie uns bereitgestellt haben, in einem strukturierten, g\u00e4ngigen und maschinenlesbaren Format zu erhalten (Art.\u00a020 DS-GVO);<\/p>\r\n\r\n<p><strong>Recht auf Widerruf<\/strong> erteilter Einwilligungen (Art.\u00a07 DS-GVO);<\/p>\r\n\r\n<p><strong>Recht auf Widerspruch<\/strong> gegen die Verarbeitung Ihrer personenbezogenen Daten, soweit die Verarbeitung aufgrund von Art.\u00a06 Abs.\u00a01 lit.\u00a0f DS-GVO erfolgt (Art.\u00a021 DS-GVO);<\/p>\r\n\r\n<p><strong>Recht auf Beschwerde<\/strong> bei der Aufsichtsbeh\u00f6rde (Art.\u00a077 DS-GVO); eine Liste der Datenschutzbeh\u00f6rden in Deutschland finden Sie unter dem folgendem Link: <a href=\"https:\/\/www.bfdi.bund.de\/DE\/Infothek\/Anschriften_Links\/anschriften_links-node.html\">https:\/\/www.bfdi.bund.de\/DE\/Infothek\/Anschriften_Links\/anschriften_links-node.html<\/a><\/p>\r\n\r\n<p>Die f\u00fcr uns zust\u00e4ndige Aufsichtsbeh\u00f6rde ist das Landesamt f\u00fcr Datenschutzaufsicht in Bayern (<a href=\"http:\/\/www.lda.bayern.de\">www.lda.bayern.de<\/a>).<\/p>\r\n\r\n\r\n\r\n<h2>10. Kontakt<\/h2>\r\n\r\n<p>Wenn Sie Fragen, Anmerkungen oder Grund zu Beschwerden zu dieser Datenschutzerkl\u00e4rung haben, teilen Sie uns dies per E\u2011Mail an info@soulcupcoffee.de mit. Schriftliche Anfragen richten Sie an unsere Gesch\u00e4ftsadresse: Sebastian H\u00f6hne, Lilienweg 10, 86836 Graben.<\/p>\r\n<p>\u00a0<\/p>\r\n[\/vc_column_text][\/vc_column][\/vc_row]","protected":false},"excerpt":{"rendered":"<p>[vc_row][vc_column][vc_column_text] Datenschutzerkl\u00e4rung f\u00fcr Besucher der Internetseite www.soulcupcoffee.de SOUL CUP COFFEE, Lilienweg 10, 86836 Graben nimmt als Betreiber dieser Webseite den Schutz Ihrer pers\u00f6nlichen Daten ernst. Wir behandeln Ihre Daten vertraulich und entsprechend der gesetzlichen Datenschutzvorschriften sowie dieser Datenschutzerkl\u00e4rung. Die Datenschutzerkl\u00e4rung&hellip;<\/p>","protected":false},"author":1,"featured_media":0,"parent":0,"menu_order":0,"comment_status":"closed","ping_status":"closed","template":"","meta":[],"_links":{"self":[{"href":"https:\/\/soulcupcoffee.de\/en\/wp-json\/wp\/v2\/pages\/37"}],"collection":[{"href":"https:\/\/soulcupcoffee.de\/en\/wp-json\/wp\/v2\/pages"}],"about":[{"href":"https:\/\/soulcupcoffee.de\/en\/wp-json\/wp\/v2\/types\/page"}],"author":[{"embeddable":true,"href":"https:\/\/soulcupcoffee.de\/en\/wp-json\/wp\/v2\/users\/1"}],"replies":[{"embeddable":true,"href":"https:\/\/soulcupcoffee.de\/en\/wp-json\/wp\/v2\/comments?post=37"}],"version-history":[{"count":17,"href":"https:\/\/soulcupcoffee.de\/en\/wp-json\/wp\/v2\/pages\/37\/revisions"}],"predecessor-version":[{"id":334,"href":"https:\/\/soulcupcoffee.de\/en\/wp-json\/wp\/v2\/pages\/37\/revisions\/334"}],"wp:attachment":[{"href":"https:\/\/soulcupcoffee.de\/en\/wp-json\/wp\/v2\/media?parent=37"}],"curies":[{"name":"wp","href":"https:\/\/api.w.org\/{rel}","templated":true}]}}