{"id":26,"date":"2020-11-15T16:02:58","date_gmt":"2020-11-15T16:02:58","guid":{"rendered":"http:\/\/new.soulcupcoffee.de\/?page_id=26"},"modified":"2020-11-18T08:53:04","modified_gmt":"2020-11-18T08:53:04","slug":"impressum-kontakt","status":"publish","type":"page","link":"https:\/\/soulcupcoffee.de\/en\/impressum-kontakt\/","title":{"rendered":"Contact"},"content":{"rendered":"[vc_row][vc_column width=&#8220;1\/2&#8243;][vc_column_text]<span style=\"font-size: 21px;\"><strong>SOUL CUP COFFEE<\/strong><\/span><\/p>\n<p>Sebastian H\u00f6hne<br \/>\nLilienweg 10<br \/>\n86836 Graben<\/p>\n\n<p>+49 160 161 2775<br \/>\ninfo@soulcupcoffee.de<br \/>\nwww.soulcupcoffee.de<\/p>\n[\/vc_column_text][\/vc_column][vc_column width=&#8220;1\/2&#8243;][vc_single_image image=&#8220;307&#8243; img_size=&#8220;medium&#8220; style=&#8220;vc_box_rounded&#8220;][\/vc_column][\/vc_row][vc_row][vc_column][vc_column_text]<span style=\"font-size: 21px;\"><strong>Haftungshinweis<\/strong><\/span><\/p>\n<p>Trotz sorgf\u00e4ltiger inhaltlicher Kontrolle \u00fcbernehmen wir keine Haftung f\u00fcr die Inhalte externer Links. F\u00fcr den Inhalt der verlinkten Seiten sind ausschlie\u00dflich deren Betreiber verantwortlich. Wir haben alle Informationen und Bestandteile dieser Website sorgf\u00e4ltig zusammengestellt. Eine Aktualisierung erfolgt in regelm\u00e4\u00dfigen Abst\u00e4nden. Eine Haftung f\u00fcr Vollst\u00e4ndigkeit und Richtigkeit k\u00f6nnen wir jedoch nicht \u00fcbernehmen. \u00c4nderungen unserer Website bleiben vorbehalten.<\/p>\n<p>Keine Abmahnung ohne vorherigen Kontakt. Sollte der Inhalt oder die Aufmachung dieser Seiten fremde Rechte Dritter oder gesetzliche Bestimmungen verletzen, so bitten wie um eine entsprechende Nachricht ohne Kostennote. Wir garantieren, dass die zu Recht beanstandeten Passagen unverz\u00fcglich entfernt werden, ohne dass von Ihrer Seite die Einschaltung eines Rechtsbeistandes erforderlich ist.[\/vc_column_text][\/vc_column][\/vc_row]","protected":false},"excerpt":{"rendered":"<p>[vc_row][vc_column width=&#8220;1\/2&#8243;][vc_column_text]SOUL CUP COFFEE Sebastian H\u00f6hne Lilienweg 10 86836 Graben +49 160 161 2775 info@soulcupcoffee.de www.soulcupcoffee.de [\/vc_column_text][\/vc_column][vc_column width=&#8220;1\/2&#8243;][vc_single_image image=&#8220;307&#8243; img_size=&#8220;medium&#8220; style=&#8220;vc_box_rounded&#8220;][\/vc_column][\/vc_row][vc_row][vc_column][vc_column_text]Haftungshinweis Trotz sorgf\u00e4ltiger inhaltlicher Kontrolle \u00fcbernehmen wir keine Haftung f\u00fcr die Inhalte externer Links. F\u00fcr den Inhalt der verlinkten Seiten&hellip;<\/p>","protected":false},"author":1,"featured_media":0,"parent":0,"menu_order":0,"comment_status":"closed","ping_status":"closed","template":"","meta":[],"_links":{"self":[{"href":"https:\/\/soulcupcoffee.de\/en\/wp-json\/wp\/v2\/pages\/26"}],"collection":[{"href":"https:\/\/soulcupcoffee.de\/en\/wp-json\/wp\/v2\/pages"}],"about":[{"href":"https:\/\/soulcupcoffee.de\/en\/wp-json\/wp\/v2\/types\/page"}],"author":[{"embeddable":true,"href":"https:\/\/soulcupcoffee.de\/en\/wp-json\/wp\/v2\/users\/1"}],"replies":[{"embeddable":true,"href":"https:\/\/soulcupcoffee.de\/en\/wp-json\/wp\/v2\/comments?post=26"}],"version-history":[{"count":17,"href":"https:\/\/soulcupcoffee.de\/en\/wp-json\/wp\/v2\/pages\/26\/revisions"}],"predecessor-version":[{"id":415,"href":"https:\/\/soulcupcoffee.de\/en\/wp-json\/wp\/v2\/pages\/26\/revisions\/415"}],"wp:attachment":[{"href":"https:\/\/soulcupcoffee.de\/en\/wp-json\/wp\/v2\/media?parent=26"}],"curies":[{"name":"wp","href":"https:\/\/api.w.org\/{rel}","templated":true}]}}