{"id":24,"date":"2020-11-15T16:02:35","date_gmt":"2020-11-15T16:02:35","guid":{"rendered":"http:\/\/new.soulcupcoffee.de\/?page_id=24"},"modified":"2020-11-18T11:22:23","modified_gmt":"2020-11-18T11:22:23","slug":"kaffee-catering","status":"publish","type":"page","link":"https:\/\/soulcupcoffee.de\/en\/kaffee-catering\/","title":{"rendered":"Coffee Catering"},"content":{"rendered":"[vc_row][vc_column][vc_column_text]<strong><span style=\"font-size: 21px;\">Quick and easy: our proven modular system<\/span><\/strong>[\/vc_column_text][\/vc_column][\/vc_row][vc_row full_width=&#8220;stretch_row&#8220;][vc_column width=&#8220;1\/3&#8243;][vc_column_text css_animation=&#8220;none&#8220;]\n<p><span style=\"font-size: 21px;\"><strong>Soul-Cup Basic<\/strong><\/span><\/p>\n<p class=\" translation-block\">Professional on-site Barista including the following eqiupment:<br>\nTraditional portafilter espresso machine<br>\nCoffee grinder<br>\nSingel-walled paper cups<br>\nStirrers<br>\nSelection of fine teas<br>\nHigh quality hot chocolate<br>\nHigh quality beans<br>\nMilk<br>\nSoy milk<br>\nLactose free milk<br>\nSugar and sweetener<!-- \/wp:paragraph --><\/p>\n<p><!-- wp:paragraph -->[\/vc_column_text][\/vc_column][vc_column width=&#8220;1\/3&#8243;][vc_column_text css_animation=&#8220;none&#8220;]\n<p><span style=\"font-size: 21px;\"><strong>Soul-Cup Plus<\/strong><\/span><\/p>\n<p class=\" translation-block\">Professional on-site Barista including the following eqiupment:<br>\nTraditional portafilter espresso machine<br>\nCoffee grinder<br>\nSingel-walled paper cups<br>\nStirrers<br>\nSelection of fine teas<br>\nHigh quality hot chocolate<br>\nHigh quality beans<br>\nMilk<br>\nSoy milk<br>\nLactose free milk<br>\nSugar and sweetener<!-- \/wp:paragraph --><\/p>\n<p class=\" translation-block\">\u2022 Porcelain cups and saucers<br>\u2022 Teaspoons<!-- wp:paragraph --><!-- \/wp:paragraph --><!-- \/wp:paragraph --><\/p>\n[\/vc_column_text][\/vc_column][vc_column width=&#8220;1\/3&#8243;][vc_column_text css_animation=&#8220;none&#8220;]\n<p><span style=\"font-size: 21px;\"><strong>Soul-Cup Premium<\/strong><\/span><\/p>\n<p class=\" translation-block\">Professional on-site Barista including the following eqiupment:<br>\nTraditional portafilter espresso machine<br>\nCoffee grinder<br>\nSingel-walled paper cups<br>\nStirrers<br>\nSelection of fine teas<br>\nHigh quality hot chocolate<br>\nHigh quality beans<br>\nMilk<br>\nSoy milk<br>\nLactose free milk<br>\nSugar and sweetener<!-- \/wp:paragraph --><\/p>\n<p class=\" translation-block\">\u2022 Porcelain cups and saucers<br>\u2022 Teaspoons<!-- wp:paragraph --><!-- \/wp:paragraph --><!-- \/wp:paragraph --><\/p>\n<p class=\" translation-block\">\u2022 Hostess (up to 100 persons)<br>\u2022 Table linen<br>\u2022 Bar and place cards<br>\u2022 Flower arrangements<\/p>\n[\/vc_column_text][\/vc_column][\/vc_row][vc_row][vc_column][vc_column_text]<strong><span style=\"font-size: 21px;\">A selection of food and drinks<\/span><\/strong>[\/vc_column_text][\/vc_column][\/vc_row][vc_row content_placement=&#8220;middle&#8220;][vc_column width=&#8220;1\/2&#8243;][vc_column_text]Espresso<br \/>\nEspresso Doppio<br \/>\nAmericano (Kaffee Creme)<br \/>\nCappuccino<br \/>\nCaf\u00e9 Latte<br \/>\nLatte Macchiato<br \/>\nTrinkschokoladen<br \/>\nChai Latte<br \/>\nVerschiedene Tees<\/p>\n<p>Croissants<br \/>\nPlundergeb\u00e4ck<br \/>\nPetit Four<br \/>\nCupcakes[\/vc_column_text][\/vc_column][vc_column width=&#8220;1\/2&#8243;][vc_single_image image=&#8220;400&#8243; alignment=&#8220;left&#8220; style=&#8220;vc_box_rounded&#8220;][\/vc_column][\/vc_row][vc_row][vc_column][vc_column_text]Buchen Sie bitte m\u00f6glichst 14 Tage vor dem Veranstaltungstermin. Gerne unterbreiten wir Ihnen auch ein individuell zusammengestelltes Catering-Angebot.[\/vc_column_text][\/vc_column][\/vc_row]","protected":false},"excerpt":{"rendered":"<p>[vc_row][vc_column][vc_column_text]Schnell und einfach: Unser bew\u00e4hrtes Baukastensystem[\/vc_column_text][\/vc_column][\/vc_row][vc_row full_width=&#8220;stretch_row&#8220;][vc_column width=&#8220;1\/3&#8243;][vc_column_text css_animation=&#8220;none&#8220;] Soul-Cup Basic Betreuung durch einen Barista vor Ort mit folgender Ausstattung: Siebtr\u00e4germaschine Kaffeem\u00fchle Einwandiger Pappbecher R\u00fchrst\u00e4bchen Auswahl hochwertiger Tees Hochwertige Trinkschokolade Hochwertige Kaffeebohnen Milch Sojamilch Laktosefreie Milch Zucker und S\u00fc\u00dfstoff [\/vc_column_text][\/vc_column][vc_column&hellip;<\/p>","protected":false},"author":1,"featured_media":0,"parent":0,"menu_order":0,"comment_status":"closed","ping_status":"closed","template":"","meta":[],"_links":{"self":[{"href":"https:\/\/soulcupcoffee.de\/en\/wp-json\/wp\/v2\/pages\/24"}],"collection":[{"href":"https:\/\/soulcupcoffee.de\/en\/wp-json\/wp\/v2\/pages"}],"about":[{"href":"https:\/\/soulcupcoffee.de\/en\/wp-json\/wp\/v2\/types\/page"}],"author":[{"embeddable":true,"href":"https:\/\/soulcupcoffee.de\/en\/wp-json\/wp\/v2\/users\/1"}],"replies":[{"embeddable":true,"href":"https:\/\/soulcupcoffee.de\/en\/wp-json\/wp\/v2\/comments?post=24"}],"version-history":[{"count":61,"href":"https:\/\/soulcupcoffee.de\/en\/wp-json\/wp\/v2\/pages\/24\/revisions"}],"predecessor-version":[{"id":445,"href":"https:\/\/soulcupcoffee.de\/en\/wp-json\/wp\/v2\/pages\/24\/revisions\/445"}],"wp:attachment":[{"href":"https:\/\/soulcupcoffee.de\/en\/wp-json\/wp\/v2\/media?parent=24"}],"curies":[{"name":"wp","href":"https:\/\/api.w.org\/{rel}","templated":true}]}}